{"id":408,"date":"2021-01-06T15:05:08","date_gmt":"2021-01-06T15:05:08","guid":{"rendered":"http:\/\/asicbc.ca\/?page_id=408"},"modified":"2021-01-06T15:05:08","modified_gmt":"2021-01-06T15:05:08","slug":"vision-rehabilitation-canada","status":"publish","type":"page","link":"https:\/\/asicbc.ca\/index.php\/resources-from-a-z\/vision-rehabilitation-canada\/","title":{"rendered":"Vision Rehabilitation &#8211; Canada"},"content":{"rendered":"<ul>\n<li>\n<p class=\"ms-rteElement-P\"><a href=\"http:\/\/www.cnib.ca\/\">CNIB (formerly known as &#8220;Canadian national Institute for the Blind&#8221;)<\/a>\u00a0is the primary source of support, information and most importantly, hope, for all Canadians who are blind, sight-impaired or simply interested in vision loss. They are recognized experts in vision health and have been making a profound difference in the lives of Canadians since 1918. At CNIB it is well understood that there are ways to enjoy a good quality of life for people who are blind or sight-impaired, and the important preventive steps that can be taken to maintain vision health.<\/p>\n<\/li>\n<li>\n<p class=\"ms-rteElement-P\"><a href=\"http:\/\/www.inlb.qc.ca\/\">Institut Nazareth et Louis-Braille<\/a>\u00a0Premier \u00e9tablissement canadien et premier organisme francophone sur le continent am\u00e9ricain sp\u00e9cialis\u00e9 en d\u00e9ficience visuelle, l&#8217;Institut Nazareth et Louis-Braille repr\u00e9sente encore aujourd&#8217;hui la plus importante concentration de ressources sp\u00e9cialis\u00e9es pour personnes aveugles ou handicap\u00e9es de la vue au Qu\u00e9bec.<\/p>\n<\/li>\n<li>\n<p class=\"ms-rteElement-P\"><a href=\"http:\/\/www.mab.ca\/new\/content.php?page=mission&amp;section=mab&amp;subsection=mission&amp;lang=en\">Montreal Association for the Blind<\/a>\u00a0Offers timely, quality rehabilitation adjustment and social services to blind and visually impaired persons as well as support services to their families, serving chiefly English speaking persons who reside in the Montreal region.<\/p>\n<\/li>\n<li>\n<p class=\"ms-rteElement-P\"><a href=\"http:\/\/www.visionhealth.ca\/\">National Coalition for Vision Health<\/a>\u00a0is a non-profit coalition of Canadian organizations and service providers of vision care industry, research, education, rehabilitation and consumers.<\/p>\n<\/li>\n<\/ul>\n","protected":false},"excerpt":{"rendered":"<p>CNIB (formerly known as &#8220;Canadian national Institute for the Blind&#8221;)\u00a0is the primary source of support, information and most importantly, hope, for all Canadians who are&#8230;<\/p>\n<div class=\"more-link-wrapper\"><a class=\"more-link\" href=\"https:\/\/asicbc.ca\/index.php\/resources-from-a-z\/vision-rehabilitation-canada\/\">Read more<span class=\"screen-reader-text\">Vision Rehabilitation &#8211; Canada<\/span><\/a><\/div>\n","protected":false},"author":3,"featured_media":0,"parent":131,"menu_order":0,"comment_status":"closed","ping_status":"closed","template":"","meta":{"_monsterinsights_skip_tracking":false,"_monsterinsights_sitenote_active":false,"_monsterinsights_sitenote_note":"","_monsterinsights_sitenote_category":0,"footnotes":""},"class_list":["post-408","page","type-page","status-publish","hentry","entry"],"_links":{"self":[{"href":"https:\/\/asicbc.ca\/index.php\/wp-json\/wp\/v2\/pages\/408","targetHints":{"allow":["GET"]}}],"collection":[{"href":"https:\/\/asicbc.ca\/index.php\/wp-json\/wp\/v2\/pages"}],"about":[{"href":"https:\/\/asicbc.ca\/index.php\/wp-json\/wp\/v2\/types\/page"}],"author":[{"embeddable":true,"href":"https:\/\/asicbc.ca\/index.php\/wp-json\/wp\/v2\/users\/3"}],"replies":[{"embeddable":true,"href":"https:\/\/asicbc.ca\/index.php\/wp-json\/wp\/v2\/comments?post=408"}],"version-history":[{"count":1,"href":"https:\/\/asicbc.ca\/index.php\/wp-json\/wp\/v2\/pages\/408\/revisions"}],"predecessor-version":[{"id":409,"href":"https:\/\/asicbc.ca\/index.php\/wp-json\/wp\/v2\/pages\/408\/revisions\/409"}],"up":[{"embeddable":true,"href":"https:\/\/asicbc.ca\/index.php\/wp-json\/wp\/v2\/pages\/131"}],"wp:attachment":[{"href":"https:\/\/asicbc.ca\/index.php\/wp-json\/wp\/v2\/media?parent=408"}],"curies":[{"name":"wp","href":"https:\/\/api.w.org\/{rel}","templated":true}]}}